{"id":30,"date":"2022-01-26T19:14:00","date_gmt":"2022-01-26T18:14:00","guid":{"rendered":"https:\/\/www.amyloicide.com\/amyloid"},"modified":"2023-01-27T14:52:49","modified_gmt":"2023-01-27T13:52:49","slug":"amyloid","status":"publish","type":"page","link":"https:\/\/www.amyloicide.com\/en","title":{"rendered":"Amyloid"},"content":{"rendered":"\t\t<div data-elementor-type=\"wp-page\" data-elementor-id=\"30\" class=\"elementor elementor-30 elementor-2\" data-elementor-post-type=\"page\">\n\t\t\t\t\t\t<section class=\"elementor-section elementor-top-section elementor-element elementor-element-4971890 elementor-section-boxed elementor-section-height-default elementor-section-height-default\" data-id=\"4971890\" data-element_type=\"section\" data-e-type=\"section\">\n\t\t\t\t\t\t<div class=\"elementor-container elementor-column-gap-default\">\n\t\t\t\t\t<div class=\"elementor-column elementor-col-100 elementor-top-column elementor-element elementor-element-677ed60b\" data-id=\"677ed60b\" data-element_type=\"column\" data-e-type=\"column\">\n\t\t\t<div class=\"elementor-widget-wrap elementor-element-populated\">\n\t\t\t\t\t\t<div class=\"elementor-element elementor-element-4fda19db elementor-widget elementor-widget-text-editor\" data-id=\"4fda19db\" data-element_type=\"widget\" data-e-type=\"widget\" data-widget_type=\"text-editor.default\">\n\t\t\t\t<div class=\"elementor-widget-container\">\n\t\t\t\t\t\t\t\t\t<p style=\"text-align: justify;\">The scientific community working on <strong>neurodegenerative diseases<\/strong> is in turmoil: <strong>Alzheimer&#8217;s disease would be transmissible after an inter-human contamination!<\/strong> This possibility had been considered for more than ten years, and this, for both Alzheimer&#8217;s and Parkinson&#8217;s disease. Indeed, these diseases have many points in common with another neurodegenerative disease: Creutzfeldt-Jakob disease, better known as prion disease. In addition to attacking the neurons of the brain, these three diseases have in common that they belong to the class of\u00a0<b>amylo\u00efcidal<\/b><strong>\u00a0proteinopathies or amyloidoses<\/strong>. That is, they result from abnormal folding of a protein leading to its accumulation in the form of amylo\u00efcidal plaques (see box &amp; video). This morphological change of a single protein (but different depending on the disease) has serious repercussions for the neurons which then enter a cycle of cell death. But above all, these proteins in their toxic abnormal conformation, are able, by themselves, to force the conformation change from the normal form of the protein to the abnormal form, and thus to spread and disseminate the disease to the whole tissue.<\/p><p style=\"text-align: justify;\">In the case of prion diseases, these protein clusters are even contagious! That is to say that they can contaminate a healthy human being after ingestion (as it was the case for the mad cow disease where the bovine prion spread to the brain of patients who developed the variant of the Creutzfeldt-Jakob disease), or after medical-surgical acts (electrode implant, cornea or dura mater graft, blood transfusion, growth hormone.)<\/p><p style=\"text-align: justify;\">But until 2017, evidence of transmission of Parkinson&#8217;s or Alzheimer&#8217;s disease had only been demonstrated in laboratory animals and in a context favorable to propagation (disease-susceptible animals, inoculation of high doses&#8230;). But very recently, scientific reports have reinforced the likelihood of human-to-human transmission of Alzheimer&#8217;s disease. Since then, no less than 8 independent studies worldwide have reported cases of iatrogenic transmission of Alzheimer&#8217;s disease in patients, causing them to develop amylo\u00efcidal Cerebral Angiopathy nearly a decade after their exposure. These contaminations have occurred after injections of contaminated batches of growth hormones 1-4, dura mater transplants 5, or most likely after neurosurgical procedures6.<\/p><p style=\"text-align: justify;\">The alert is given! Amyloidosis, not just prion diseases, can present an iatrogenic risk! The question now arises as to how to manage this risk to protect the patient and the health care staff.<\/p><h2>Amylo\u00efcidal also involved in bacterial nosocomial diseases<\/h2><p style=\"text-align: justify;\">Amylo\u00efcidal fibers have mechanical characteristics comparable to those of steel, which makes these materials among the strongest observed in the living world: it is therefore impossible for an organism to get rid of them. The high resistance of these fibers makes them suitable for the construction of solid structures such as biofilms. Moreover, their biophysical properties represent a huge advantage for the bacteria in terms of biofilm architecture and adhesion (Fig.2). Thus, these pathogens take advantage of the difficulty of cleaning these amylo\u00efcidal protein deposits, this is notably the case for pathogenic bacteria such as Escherichia coli, Staphylococcus aureus and Pseudomonas aeruginosa, which together account for the majority of nosocomial infections (25% in the case of E. coli, 19% in the case of S. aureus and 10% for P. aeruginosa). The protective extracellular matrix produced by these organisms is composed mainly of an amylo\u00efcidal architecture which gives them a very high resistance. In France, the prevalence of hospitalized patients having contracted a nosocomial disease is estimated at 5%. The statistics reach 23% in intensive care units: these figures are mainly due to the use of catheters and invasive probes. Hospital-acquired infections result in significant additional financial costs, mainly due to an increase in the length of hospitalization, i.e. an additional annual cost of 2.4 to 6 billion euros.<\/p><figure id=\"attachment_45\" aria-describedby=\"caption-attachment-45\" style=\"width: 850px\" class=\"wp-caption aligncenter\"><a href=\"https:\/\/www.researchgate.net\/figure\/Scanning-electron-microscopy-image-of-Escherichia-coli-biofilm-on-Teflon-The-arrows-in_fig2_317773433\"><img fetchpriority=\"high\" decoding=\"async\" src=\"https:\/\/www.amyloicide.com\/wp-content\/uploads\/Scanning-electron-microscopy-image-of-Escherichia-coli-biofilm-on-Teflon-The-arrows-in.png\" alt=\"\" width=\"850\" height=\"516\" \/><\/a><figcaption id=\"caption-attachment-45\" class=\"wp-caption-text\">Contamination bact\u00e9rienne et formation de biofilms sur des surfaces abiotiques et strat\u00e9gies pour surmonter leur persistance &#8211; Figure scientifique sur ResearchGate [consult\u00e9 le 19 septembre 2019].<\/figcaption><\/figure><h2>Scientists and industrialists are working hard to propose amylo\u00efcidal procedures<\/h2><p style=\"text-align: justify;\">Current prevention measures concerning infectious proteins and amylo\u00efcidal in general only take into account the prion risk. However, given the very high prevalence of neurodegenerative diseases and their constant increase, it seems urgent to extend the management of this risk to all amyloidoses. This risk management includes the decontamination and sterilization of medical equipment and therefore the development of\u00a0<b>amylo\u00efcidal<\/b>\u00a0processes (see box).<\/p><p style=\"text-align: justify;\">But the challenge is great! Indeed, to be considered amylo\u00efcidal, the chemical formulation or the physical process must meet various criteria of the medical sector specifications:<\/p><p style=\"text-align: justify;\">&#8211; This process must, of course, denature, disaggregate and unhook, but above <strong>all inactivate all types of protein assemblies at the origin of amyloidosis<\/strong>. And the list is long: fibers, protofilaments, oligomers, monomers&#8230; these are all forms that these pathogenic proteins can adopt. The problem is that a change in shape, or conformation, alters the susceptibility of proteins to denaturing agents. The prion protein, at the origin of Creutzfeldt-Jakob disease and mad cow disease, is a perfect illustration of this problem: in its natural or &#8220;normal&#8221; form, the protein is sensitive to enzymes and classical protein degradation processes (heat, denaturants&#8230;); on the other hand, when it is in the pathogenic prion conformation, it adopts a whole range of conformations which give it physico-chemical properties, and capacities of adaptation to its host out of the ordinary. Among the biochemical changes, the most remarkable is its resistance to enzymes, but also to classical denaturation processes like heat. Prions are particularly resistant pathogenic entities: when amylo\u00efcidal fibers are treated with a chaotrope, even at high concentrations (up to 6M urea), they do not denature but depolymerize into elementary subunits that retain all infectious properties once the denaturing pressure is lifted. These subunits are all released disease vectors. The amylo\u00efcidal process must therefore take this reality into account. Simple depolymerization of the assemblies without inactivation could have a disastrous effect by releasing the elementary subunits and may be a factor favoring its dissemination7.<\/p><p style=\"text-align: justify;\">&#8211; Finally, to facilitate its use in hospitals, the amylo\u00efcidal process must have a broad spectrum of action and be effective on the majority of amylo\u00efcidals, whether they come from amyloidosis (Prion, Alzheimer&#8217;s disease, Parkinson&#8217;s disease, ALS, diabetes&#8230;) or from bacterial biofilms (Escherichia coli, Staphylococcus aureus, Pseudomonas aeruginosa&#8230;) So many different protein assemblies with various physicochemical properties and resistances must be taken into account.<\/p><p><em>Sources:<\/em><\/p><ol><li><em>Cali, I. &amp; al. Iatrogenic Creutzfeldt-Jakob disease with Amyloid-\u03b2 pathology: an international study. Acta Neuropathol. Commun. 6, 5 (2018).<\/em><\/li><li><em>Duyckaerts, C. &amp; al. Neuropathology of iatrogenic Creutzfeldt\u2013Jakob disease and immunoassay of French cadaver-sourced growth hormone batches suggest possible transmission of tauopathy and long incubation periods for the transmission of Abeta pathology. Acta Neuropathol. 135, 201\u2013212 (2018).<\/em><\/li><li><em>Jaunmuktane, Z. &amp; al. Evidence for human transmission of amyloid-\u03b2 pathology and cerebral amyloid angiopathy. Nature 525, 247\u201350 (2015).<\/em><\/li><li><em>Ritchie, D. L. &amp; al. Amyloid-\u03b2 accumulation in the CNS in human growth hormone recipients in the UK. Acta Neuropathol. (2017). doi:10.1007\/s00401-017-1703-0<\/em><\/li><li><em>Kovacs, G. G. &amp; al. Dura mater is a potential source of A\u03b2 seeds. Acta Neuropathol. 131, 911\u2013923 (2016).<\/em><\/li><li><em>Jaunmuktane, Z. &amp; al. Evidence of amyloid-\u03b2 cerebral amyloid angiopathy transmission through neurosurgery. Acta Neuropathol. 1\u20139 (2018). doi:10.1007\/s00401-018-1822-2<\/em><\/li><li><em>Igel-Egalon, A. &amp; al. Reversible unfolding of infectious prion assemblies reveals the existence of an oligomeric elementary brick. PLOS Pathog. 13, e1006557 (2017).<\/em><\/li><\/ol>\t\t\t\t\t\t\t\t<\/div>\n\t\t\t\t<\/div>\n\t\t\t\t\t<\/div>\n\t\t<\/div>\n\t\t\t\t\t<\/div>\n\t\t<\/section>\n\t\t\t\t<section class=\"elementor-section elementor-top-section elementor-element elementor-element-482d2fb elementor-section-boxed elementor-section-height-default elementor-section-height-default\" data-id=\"482d2fb\" data-element_type=\"section\" data-e-type=\"section\">\n\t\t\t\t\t\t<div class=\"elementor-container elementor-column-gap-default\">\n\t\t\t\t\t<div class=\"elementor-column elementor-col-100 elementor-top-column elementor-element elementor-element-bb2c69d\" data-id=\"bb2c69d\" data-element_type=\"column\" data-e-type=\"column\">\n\t\t\t<div class=\"elementor-widget-wrap elementor-element-populated\">\n\t\t\t\t\t\t<div class=\"elementor-element elementor-element-5e7b2f5 elementor-widget-divider--separator-type-pattern elementor-widget-divider--view-line elementor-widget elementor-widget-divider\" data-id=\"5e7b2f5\" data-element_type=\"widget\" data-e-type=\"widget\" data-widget_type=\"divider.default\">\n\t\t\t\t<div class=\"elementor-widget-container\">\n\t\t\t\t\t\t\t<div class=\"elementor-divider\" style=\"--divider-pattern-url: url(&quot;data:image\/svg+xml,%3Csvg xmlns=&#039;http:\/\/www.w3.org\/2000\/svg&#039; preserveAspectRatio=&#039;none&#039; overflow=&#039;visible&#039; height=&#039;100%&#039; viewBox=&#039;0 0 24 24&#039; fill=&#039;black&#039; stroke=&#039;none&#039;%3E%3Cpolygon points=&#039;9.4,2 24,2 14.6,21.6 0,21.6&#039;\/%3E%3C\/svg%3E&quot;);\">\n\t\t\t<span class=\"elementor-divider-separator\">\n\t\t\t\t\t\t<\/span>\n\t\t<\/div>\n\t\t\t\t\t\t<\/div>\n\t\t\t\t<\/div>\n\t\t\t\t\t<\/div>\n\t\t<\/div>\n\t\t\t\t\t<\/div>\n\t\t<\/section>\n\t\t\t\t<section class=\"elementor-section elementor-top-section elementor-element elementor-element-0ec8cde elementor-section-boxed elementor-section-height-default elementor-section-height-default\" data-id=\"0ec8cde\" data-element_type=\"section\" data-e-type=\"section\">\n\t\t\t\t\t\t<div class=\"elementor-container elementor-column-gap-default\">\n\t\t\t\t\t<div class=\"elementor-column elementor-col-100 elementor-top-column elementor-element elementor-element-a77d010\" data-id=\"a77d010\" data-element_type=\"column\" data-e-type=\"column\">\n\t\t\t<div class=\"elementor-widget-wrap elementor-element-populated\">\n\t\t\t\t\t\t<div class=\"elementor-element elementor-element-6a48518 elementor-widget elementor-widget-text-editor\" data-id=\"6a48518\" data-element_type=\"widget\" data-e-type=\"widget\" data-widget_type=\"text-editor.default\">\n\t\t\t\t<div class=\"elementor-widget-container\">\n\t\t\t\t\t\t\t\t\t<p>\u00a92023 Amylo\u00efcide \/ Partners : <a href=\"https:\/\/www.franklab.com\">Franklab.com<\/a> &#8211; <a href=\"https:\/\/fbproduct.com\">FB Product<\/a> &#8211; <a href=\"https:\/\/tfdpremium.com\">TFD Premium<\/a><\/p>\n\t\t\t\t\t\t\t\t<\/div>\n\t\t\t\t<\/div>\n\t\t\t\t\t<\/div>\n\t\t<\/div>\n\t\t\t\t\t<\/div>\n\t\t<\/section>\n\t\t\t\t<\/div>\n\t\t","protected":false},"excerpt":{"rendered":"<p>The scientific community working on neurodegenerative diseases is in turmoil: Alzheimer&#8217;s disease would be transmissible after an inter-human contamination! This possibility had been considered for more than ten years, and this, for both Alzheimer&#8217;s and Parkinson&#8217;s disease. Indeed, these diseases have many points in common with another neurodegenerative disease: Creutzfeldt-Jakob disease, better known as prion [&hellip;]<\/p>\n","protected":false},"author":1,"featured_media":0,"parent":0,"menu_order":0,"comment_status":"closed","ping_status":"closed","template":"","meta":{"footnotes":""},"class_list":["post-30","page","type-page","status-publish","hentry"],"_links":{"self":[{"href":"https:\/\/www.amyloicide.com\/en\/wp-json\/wp\/v2\/pages\/30","targetHints":{"allow":["GET"]}}],"collection":[{"href":"https:\/\/www.amyloicide.com\/en\/wp-json\/wp\/v2\/pages"}],"about":[{"href":"https:\/\/www.amyloicide.com\/en\/wp-json\/wp\/v2\/types\/page"}],"author":[{"embeddable":true,"href":"https:\/\/www.amyloicide.com\/en\/wp-json\/wp\/v2\/users\/1"}],"replies":[{"embeddable":true,"href":"https:\/\/www.amyloicide.com\/en\/wp-json\/wp\/v2\/comments?post=30"}],"version-history":[{"count":0,"href":"https:\/\/www.amyloicide.com\/en\/wp-json\/wp\/v2\/pages\/30\/revisions"}],"wp:attachment":[{"href":"https:\/\/www.amyloicide.com\/en\/wp-json\/wp\/v2\/media?parent=30"}],"curies":[{"name":"wp","href":"https:\/\/api.w.org\/{rel}","templated":true}]}}